{"id":22835,"date":"2025-06-18T14:35:49","date_gmt":"2025-06-18T07:35:49","guid":{"rendered":"https:\/\/thegioibida.com\/?page_id=22835"},"modified":"2025-11-18T15:59:42","modified_gmt":"2025-11-18T08:59:42","slug":"chinh-sach-quyen-rieng-tu","status":"publish","type":"page","link":"https:\/\/thegioibida.com\/en\/chinh-sach-quyen-rieng-tu\/","title":{"rendered":"Ch\u00ednh S\u00e1ch Quy\u1ec1n Ri\u00eang T\u01b0 \u2013 Th\u1ebf Gi\u1edbi Bida"},"content":{"rendered":"<h2><b>Ch\u00ednh S\u00e1ch Quy\u1ec1n Ri\u00eang T\u01b0 T\u1ea1i Th\u1ebf Gi\u1edbi Bida<\/b><\/h2>\n<p><span style=\"font-weight: 400;\">Th\u1ebf Gi\u1edbi Bida t\u00f4n tr\u1ecdng v\u00e0 cam k\u1ebft b\u1ea3o v\u1ec7 quy\u1ec1n ri\u00eang t\u01b0 c\u1ee7a kh\u00e1ch h\u00e0ng khi truy c\u1eadp v\u00e0 s\u1eed d\u1ee5ng d\u1ecbch v\u1ee5 tr\u00ean website. Ch\u00ednh s\u00e1ch n\u00e0y gi\u1ea3i th\u00edch c\u00e1ch ch\u00fang t\u00f4i thu th\u1eadp, s\u1eed d\u1ee5ng v\u00e0 b\u1ea3o v\u1ec7 th\u00f4ng tin c\u00e1 nh\u00e2n c\u1ee7a ng\u01b0\u1eddi d\u00f9ng.<\/span><\/p>\n<h3><b>I. M\u1ee5c \u0110\u00edch Thu Th\u1eadp Th\u00f4ng Tin<\/b><\/h3>\n<p><span style=\"font-weight: 400;\">Th\u00f4ng tin c\u00e1 nh\u00e2n \u0111\u01b0\u1ee3c thu th\u1eadp nh\u1eb1m:<\/span><\/p>\n<ul>\n<li style=\"font-weight: 400;\" aria-level=\"1\"><span style=\"font-weight: 400;\">H\u1ed7 tr\u1ee3 kh\u00e1ch h\u00e0ng nhanh ch\u00f3ng, ch\u00ednh x\u00e1c<\/span><span style=\"font-weight: 400;\"><br \/>\n<\/span><\/li>\n<li style=\"font-weight: 400;\" aria-level=\"1\"><span style=\"font-weight: 400;\">Cung c\u1ea5p d\u1ecbch v\u1ee5 v\u00e0 s\u1ea3n ph\u1ea9m \u0111\u00fang nhu c\u1ea7u<\/span><span style=\"font-weight: 400;\"><br \/>\n<\/span><\/li>\n<li style=\"font-weight: 400;\" aria-level=\"1\"><span style=\"font-weight: 400;\">G\u1eedi th\u00f4ng tin khuy\u1ebfn m\u00e3i, ch\u0103m s\u00f3c sau b\u00e1n h\u00e0ng<\/span><span style=\"font-weight: 400;\"><br \/>\n<\/span><\/li>\n<li style=\"font-weight: 400;\" aria-level=\"1\"><span style=\"font-weight: 400;\">N\u00e2ng cao ch\u1ea5t l\u01b0\u1ee3ng d\u1ecbch v\u1ee5 v\u00e0 tr\u1ea3i nghi\u1ec7m ng\u01b0\u1eddi d\u00f9ng<\/span><\/li>\n<\/ul>\n<h3><b>II. Lo\u1ea1i Th\u00f4ng Tin \u0110\u01b0\u1ee3c Thu Th\u1eadp<\/b><\/h3>\n<ul>\n<li style=\"font-weight: 400;\" aria-level=\"1\"><span style=\"font-weight: 400;\">H\u1ecd v\u00e0 t\u00ean<\/span><span style=\"font-weight: 400;\"><br \/>\n<\/span><\/li>\n<li style=\"font-weight: 400;\" aria-level=\"1\"><span style=\"font-weight: 400;\">Number phone<\/span><span style=\"font-weight: 400;\"><br \/>\n<\/span><\/li>\n<li style=\"font-weight: 400;\" aria-level=\"1\"><span style=\"font-weight: 400;\">Email<\/span><span style=\"font-weight: 400;\"><br \/>\n<\/span><\/li>\n<li style=\"font-weight: 400;\" aria-level=\"1\"><span style=\"font-weight: 400;\">\u0110\u1ecba ch\u1ec9 nh\u1eadn h\u00e0ng<\/span><span style=\"font-weight: 400;\"><br \/>\n<\/span><\/li>\n<li style=\"font-weight: 400;\" aria-level=\"1\"><span style=\"font-weight: 400;\">L\u1ecbch s\u1eed \u0111\u01a1n h\u00e0ng, s\u1ea3n ph\u1ea9m quan t\u00e2m<\/span><span style=\"font-weight: 400;\"><br \/>\n<\/span><\/li>\n<li style=\"font-weight: 400;\" aria-level=\"1\"><span style=\"font-weight: 400;\">Th\u00f4ng tin thanh to\u00e1n (kh\u00f4ng l\u01b0u tr\u1eef th\u1ebb ng\u00e2n h\u00e0ng)<\/span><span style=\"font-weight: 400;\"><br \/>\n<\/span><\/li>\n<\/ul>\n<h3><b>III. Ph\u1ea1m Vi S\u1eed D\u1ee5ng Th\u00f4ng Tin<\/b><\/h3>\n<p><span style=\"font-weight: 400;\">Th\u00f4ng tin kh\u00e1ch h\u00e0ng ch\u1ec9 \u0111\u01b0\u1ee3c s\u1eed d\u1ee5ng n\u1ed9i b\u1ed9 trong c\u00e1c tr\u01b0\u1eddng h\u1ee3p:<\/span><\/p>\n<ul>\n<li style=\"font-weight: 400;\" aria-level=\"1\"><span style=\"font-weight: 400;\">Giao h\u00e0ng v\u00e0 ch\u0103m s\u00f3c kh\u00e1ch sau b\u00e1n<\/span><span style=\"font-weight: 400;\"><br \/>\n<\/span><\/li>\n<li style=\"font-weight: 400;\" aria-level=\"1\"><span style=\"font-weight: 400;\">Li\u00ean h\u1ec7 x\u00e1c nh\u1eadn \u0111\u01a1n h\u00e0ng, b\u1ea3o h\u00e0nh s\u1ea3n ph\u1ea9m<\/span><span style=\"font-weight: 400;\"><br \/>\n<\/span><\/li>\n<li style=\"font-weight: 400;\" aria-level=\"1\"><span style=\"font-weight: 400;\">G\u1eedi th\u00f4ng b\u00e1o v\u1ec1 ch\u01b0\u01a1ng tr\u00ecnh khuy\u1ebfn m\u00e3i, tin t\u1ee9c s\u1ea3n ph\u1ea9m m\u1edbi<\/span><\/li>\n<\/ul>\n<p><span style=\"font-weight: 400;\">TGBD cam k\u1ebft <\/span><b>kh\u00f4ng chia s\u1ebb, b\u00e1n ho\u1eb7c cho thu\u00ea th\u00f4ng tin c\u00e1 nh\u00e2n<\/b><span style=\"font-weight: 400;\"> cho b\u1ea5t k\u1ef3 b\u00ean th\u1ee9 ba n\u00e0o, ngo\u1ea1i tr\u1eeb khi c\u00f3 y\u00eau c\u1ea7u t\u1eeb c\u01a1 quan c\u00f3 th\u1ea9m quy\u1ec1n theo ph\u00e1p lu\u1eadt.<\/span><\/p>\n<h3><b>IV. Th\u1eddi Gian L\u01b0u Tr\u1eef Th\u00f4ng Tin<\/b><\/h3>\n<ul>\n<li style=\"font-weight: 400;\" aria-level=\"1\"><span style=\"font-weight: 400;\">Th\u00f4ng tin c\u00e1 nh\u00e2n \u0111\u01b0\u1ee3c l\u01b0u tr\u1eef trong h\u1ec7 th\u1ed1ng c\u1ee7a Th\u1ebf Gi\u1edbi Bida cho \u0111\u1ebfn khi kh\u00e1ch h\u00e0ng y\u00eau c\u1ea7u h\u1ee7y ho\u1eb7c t\u1ef1 th\u1ef1c hi\u1ec7n thao t\u00e1c x\u00f3a.<\/span><span style=\"font-weight: 400;\"><br \/>\n<\/span><\/li>\n<li style=\"font-weight: 400;\" aria-level=\"1\"><span style=\"font-weight: 400;\">Tr\u01b0\u1eddng h\u1ee3p c\u00f3 giao d\u1ecbch, d\u1eef li\u1ec7u \u0111\u01b0\u1ee3c l\u01b0u gi\u1eef t\u1ed1i thi\u1ec3u 5 n\u0103m \u0111\u1ec3 \u0111\u1ed1i chi\u1ebfu khi c\u1ea7n thi\u1ebft.<\/span><\/li>\n<\/ul>\n<h3><b>V. Quy\u1ec1n C\u1ee7a Kh\u00e1ch H\u00e0ng \u0110\u1ed1i V\u1edbi Th\u00f4ng Tin C\u00e1 Nh\u00e2n<\/b><\/h3>\n<p><span style=\"font-weight: 400;\">Kh\u00e1ch h\u00e0ng c\u00f3 quy\u1ec1n:<\/span><\/p>\n<ul>\n<li style=\"font-weight: 400;\" aria-level=\"1\"><span style=\"font-weight: 400;\">Y\u00eau c\u1ea7u xem l\u1ea1i th\u00f4ng tin c\u00e1 nh\u00e2n<\/span><span style=\"font-weight: 400;\"><br \/>\n<\/span><\/li>\n<li style=\"font-weight: 400;\" aria-level=\"1\"><span style=\"font-weight: 400;\">Ch\u1ec9nh s\u1eeda, c\u1eadp nh\u1eadt d\u1eef li\u1ec7u<\/span><span style=\"font-weight: 400;\"><br \/>\n<\/span><\/li>\n<li style=\"font-weight: 400;\" aria-level=\"1\"><span style=\"font-weight: 400;\">Y\u00eau c\u1ea7u x\u00f3a d\u1eef li\u1ec7u kh\u1ecfi h\u1ec7 th\u1ed1ng khi kh\u00f4ng c\u00f2n s\u1eed d\u1ee5ng d\u1ecbch v\u1ee5<\/span><\/li>\n<\/ul>\n<p><span style=\"font-weight: 400;\">Li\u00ean h\u1ec7 qua email <\/span><b>Thegioibida.com.vn@gmail.com<\/b><span style=\"font-weight: 400;\"> \u0111\u1ec3 g\u1eedi y\u00eau c\u1ea7u.<\/span><\/p>\n<h3><b>VI. B\u1ea3o M\u1eadt Th\u00f4ng Tin<\/b><\/h3>\n<p><span style=\"font-weight: 400;\">TGBD \u00e1p d\u1ee5ng c\u00e1c bi\u1ec7n ph\u00e1p k\u1ef9 thu\u1eadt v\u00e0 quy tr\u00ecnh b\u1ea3o m\u1eadt hi\u1ec7n \u0111\u1ea1i nh\u1eb1m:<\/span><\/p>\n<ul>\n<li style=\"font-weight: 400;\" aria-level=\"1\"><span style=\"font-weight: 400;\">B\u1ea3o v\u1ec7 th\u00f4ng tin kh\u1ecfi truy c\u1eadp tr\u00e1i ph\u00e9p<\/span><span style=\"font-weight: 400;\"><br \/>\n<\/span><\/li>\n<li style=\"font-weight: 400;\" aria-level=\"1\"><span style=\"font-weight: 400;\">Ng\u0103n ch\u1eb7n r\u00f2 r\u1ec9, \u0111\u00e1nh c\u1eafp, s\u1eeda \u0111\u1ed5i d\u1eef li\u1ec7u<\/span><span style=\"font-weight: 400;\"><br \/>\n<\/span><\/li>\n<li style=\"font-weight: 400;\" aria-level=\"1\"><span style=\"font-weight: 400;\">\u0110\u1ecbnh k\u1ef3 ki\u1ec3m tra h\u1ec7 th\u1ed1ng \u0111\u1ec3 n\u00e2ng cao t\u00ednh b\u1ea3o m\u1eadt<\/span><\/li>\n<\/ul>\n<h3><b>VII. C\u1eadp Nh\u1eadt Ch\u00ednh S\u00e1ch<\/b><\/h3>\n<p><span style=\"font-weight: 400;\">Ch\u00ednh s\u00e1ch c\u00f3 th\u1ec3 \u0111\u01b0\u1ee3c \u0111i\u1ec1u ch\u1ec9nh \u0111\u1ec3 ph\u00f9 h\u1ee3p v\u1edbi quy \u0111\u1ecbnh ph\u00e1p lu\u1eadt v\u00e0 ho\u1ea1t \u0111\u1ed9ng kinh doanh. T\u1ea5t c\u1ea3 thay \u0111\u1ed5i s\u1ebd \u0111\u01b0\u1ee3c th\u00f4ng b\u00e1o c\u00f4ng khai tr\u00ean website.<\/span><\/p>\n<h3><b>VIII. Th\u00f4ng Tin Li\u00ean H\u1ec7<\/b><\/h3>\n<p><span style=\"font-weight: 400;\">B\u1ea1n c\u1ea7n h\u1ed7 tr\u1ee3 th\u00f4ng tin v\u1ec1 ch\u00ednh s\u00e1ch quy\u1ec1n ri\u00eang t\u01b0, h\u00e3y li\u00ean h\u1ec7:<\/span><\/p>\n<p><span style=\"font-weight: 400;\">The Gioi Bida<\/span><span style=\"font-weight: 400;\"><br \/>\n<\/span><span style=\"font-weight: 400;\"> \u0110\u1ecba ch\u1ec9: 773 Nguy\u1ec5n \u1ea2nh Th\u1ee7, P. Trung M\u1ef9 T\u00e2y, TP.HCM<\/span><span style=\"font-weight: 400;\"><br \/>\n<\/span><span style=\"font-weight: 400;\"> Hotline: 0909922962<\/span><span style=\"font-weight: 400;\"><br \/>\n<\/span><span style=\"font-weight: 400;\"> Email: Thegioibida.com.vn@gmail.com<\/span><span style=\"font-weight: 400;\"><br \/>\n<\/span><span style=\"font-weight: 400;\">Fanpage:<\/span> <a href=\"https:\/\/www.facebook.com\/THEGIOIBIDAcom\" target=\"_blank\" rel=\"noopener\"><span style=\"font-weight: 400;\">THEGIOIBIDAcom<\/span><\/a><\/p>","protected":false},"excerpt":{"rendered":"<p>Ch\u00ednh S\u00e1ch Quy\u1ec1n Ri\u00eang T\u01b0 T\u1ea1i Th\u1ebf Gi\u1edbi Bida Th\u1ebf Gi\u1edbi Bida t\u00f4n tr\u1ecdng v\u00e0 cam k\u1ebft b\u1ea3o v\u1ec7 quy\u1ec1n ri\u00eang t\u01b0 c\u1ee7a kh\u00e1ch h\u00e0ng khi truy c\u1eadp v\u00e0 s\u1eed d\u1ee5ng d\u1ecbch v\u1ee5 tr\u00ean website. Ch\u00ednh s\u00e1ch n\u00e0y gi\u1ea3i th\u00edch c\u00e1ch ch\u00fang t\u00f4i thu th\u1eadp, s\u1eed d\u1ee5ng v\u00e0 b\u1ea3o v\u1ec7 th\u00f4ng tin c\u00e1 nh\u00e2n c\u1ee7a [&hellip;]<\/p>\n","protected":false},"author":5,"featured_media":0,"parent":0,"menu_order":0,"comment_status":"closed","ping_status":"closed","template":"","meta":{"site-sidebar-layout":"default","site-content-layout":"","ast-site-content-layout":"default","site-content-style":"default","site-sidebar-style":"default","ast-global-header-display":"","ast-banner-title-visibility":"","ast-main-header-display":"","ast-hfb-above-header-display":"","ast-hfb-below-header-display":"","ast-hfb-mobile-header-display":"","site-post-title":"","ast-breadcrumbs-content":"","ast-featured-img":"","footer-sml-layout":"","theme-transparent-header-meta":"default","adv-header-id-meta":"","stick-header-meta":"default","header-above-stick-meta":"","header-main-stick-meta":"","header-below-stick-meta":"","astra-migrate-meta-layouts":"set","ast-page-background-enabled":"default","ast-page-background-meta":{"desktop":{"background-color":"","background-image":"","background-repeat":"repeat","background-position":"center center","background-size":"auto","background-attachment":"scroll","background-type":"","background-media":"","overlay-type":"","overlay-color":"","overlay-opacity":"","overlay-gradient":""},"tablet":{"background-color":"","background-image":"","background-repeat":"repeat","background-position":"center center","background-size":"auto","background-attachment":"scroll","background-type":"","background-media":"","overlay-type":"","overlay-color":"","overlay-opacity":"","overlay-gradient":""},"mobile":{"background-color":"","background-image":"","background-repeat":"repeat","background-position":"center center","background-size":"auto","background-attachment":"scroll","background-type":"","background-media":"","overlay-type":"","overlay-color":"","overlay-opacity":"","overlay-gradient":""}},"ast-content-background-meta":{"desktop":{"background-color":"var(--ast-global-color-5)","background-image":"","background-repeat":"repeat","background-position":"center center","background-size":"auto","background-attachment":"scroll","background-type":"","background-media":"","overlay-type":"","overlay-color":"","overlay-opacity":"","overlay-gradient":""},"tablet":{"background-color":"var(--ast-global-color-5)","background-image":"","background-repeat":"repeat","background-position":"center center","background-size":"auto","background-attachment":"scroll","background-type":"","background-media":"","overlay-type":"","overlay-color":"","overlay-opacity":"","overlay-gradient":""},"mobile":{"background-color":"var(--ast-global-color-5)","background-image":"","background-repeat":"repeat","background-position":"center center","background-size":"auto","background-attachment":"scroll","background-type":"","background-media":"","overlay-type":"","overlay-color":"","overlay-opacity":"","overlay-gradient":""}},"footnotes":""},"class_list":["post-22835","page","type-page","status-publish","hentry"],"_links":{"self":[{"href":"https:\/\/thegioibida.com\/en\/wp-json\/wp\/v2\/pages\/22835","targetHints":{"allow":["GET"]}}],"collection":[{"href":"https:\/\/thegioibida.com\/en\/wp-json\/wp\/v2\/pages"}],"about":[{"href":"https:\/\/thegioibida.com\/en\/wp-json\/wp\/v2\/types\/page"}],"author":[{"embeddable":true,"href":"https:\/\/thegioibida.com\/en\/wp-json\/wp\/v2\/users\/5"}],"replies":[{"embeddable":true,"href":"https:\/\/thegioibida.com\/en\/wp-json\/wp\/v2\/comments?post=22835"}],"version-history":[{"count":2,"href":"https:\/\/thegioibida.com\/en\/wp-json\/wp\/v2\/pages\/22835\/revisions"}],"predecessor-version":[{"id":24165,"href":"https:\/\/thegioibida.com\/en\/wp-json\/wp\/v2\/pages\/22835\/revisions\/24165"}],"wp:attachment":[{"href":"https:\/\/thegioibida.com\/en\/wp-json\/wp\/v2\/media?parent=22835"}],"curies":[{"name":"wp","href":"https:\/\/api.w.org\/{rel}","templated":true}]}}