{"id":14766,"date":"2024-05-21T11:11:56","date_gmt":"2024-05-21T04:11:56","guid":{"rendered":"https:\/\/thegioibida.com\/?post_type=product&#038;p=14766"},"modified":"2026-02-27T09:52:35","modified_gmt":"2026-02-27T02:52:35","slug":"ban-bida-3c-signature-han-quoc-2020","status":"publish","type":"product","link":"https:\/\/thegioibida.com\/en\/ban-bida-3c-signature-han-quoc-2020\/","title":{"rendered":"B\u00e0n bida 3C Signature H\u00e0n Qu\u1ed1c 2020"},"content":{"rendered":"<div class=\"product-section\">\n<div class=\"row\">\n<div class=\"large-12 col pb-0 mb-0\">\n<div class=\"panel entry-content\">\n<p class=\"product-title product_title entry-title\">B\u00e0n bida 3C Signature H\u00e0n Qu\u1ed1c 2020 <span style=\"color: #555555; font-size: 14.4px;\">l\u00e0 s\u1ef1 k\u1ebft h\u1ee3p tuy\u1ec7t v\u1eddi gi\u1eefa \u0111\u1eb3ng c\u1ea5p v\u00e0 ch\u1ea5t l\u01b0\u1ee3ng. V\u1edbi ch\u1ea5t li\u1ec7u g\u1ed7 ch\u1ecdn l\u1ecdc v\u00e0 k\u1ef9 thu\u1eadt ch\u1ebf t\u00e1c hi\u1ec7n \u0111\u1ea1i, b\u00e0n \u0111\u1ea3m b\u1ea3o s\u1ef1 b\u1ec1n b\u1ec9 v\u00e0 \u0111\u1ed9 ch\u00ednh x\u00e1c t\u1ed1i \u01b0u. B\u1ec1 m\u1eb7t ph\u1eb3ng v\u00e0 m\u1ecbn m\u00e0ng gi\u00fap bi di chuy\u1ec3n m\u01b0\u1ee3t m\u00e0 tr\u00ean b\u00e0n. M\u00e0u s\u1eafc c\u1ee7a b\u00e0n \u0111\u01b0\u1ee3c kh\u1eafc h\u1ecda l\u00e0m tr\u1edf n\u00ean \u0111\u1ed9c \u0111\u00e1o l\u00e0m n\u1ed5i b\u1eadt v\u1ebb sang tr\u1ecdng v\u00e0 quy\u1ebfn r\u0169. Signature kh\u00f4ng ch\u1ec9 l\u00e0 b\u00e0n bi-da, m\u00e0 c\u00f2n l\u00e0 bi\u1ec3u t\u01b0\u1ee3ng c\u1ee7a phong c\u00e1ch v\u00e0 \u0111\u1eb3ng c\u1ea5p trong th\u1ebf gi\u1edbi bi-da.<\/span><\/p>\n<\/div>\n<\/div>\n<\/div>\n<\/div>\n<h2><strong>1. Th\u00f4ng S\u1ed1 K\u1ef9 Thu\u1eadt<\/strong><\/h2>\n<ul>\n<li>K\u00edch th\u01b0\u1edbc ph\u1ee7 b\u00ec b\u00e0n: D\u00e0i: 1,7m x R\u1ed9ng: 3,0m<\/li>\n<li>K\u00edch th\u01b0\u1edbc s\u1eed d\u1ee5ng b\u00e0n: D\u00e0i: 1,42m x R\u1ed9ng: 1,84m<\/li>\n<li>M\u1eb7t \u0111\u00e1: Theo b\u00e0n \u0111\u00fang ti\u00eau chu\u1ea9n c\u1ee7a nh\u00e0 s\u1ea3n xu\u1ea5t<\/li>\n<li>Phim s\u01b0\u1edfi: Theo b\u00e0n \u0111\u00fang ti\u00eau chu\u1ea9n c\u1ee7a nh\u00e0 s\u1ea3n xu\u1ea5t<\/li>\n<li>Cao su: Theo b\u00e0n \u0111\u00fang ti\u00eau chu\u1ea9n c\u1ee7a nh\u00e0 s\u1ea3n xu\u1ea5t<\/li>\n<li>Th\u00e0nh b\u0103ng: Theo b\u00e0n \u0111\u00fang ti\u00eau chu\u1ea9n c\u1ee7a nh\u00e0 s\u1ea3n xu\u1ea5t<\/li>\n<\/ul>\n<h2><strong>2. \u0110\u1eb7c \u0110i\u1ec3m S\u1ea3n Ph\u1ea9m<\/strong><\/h2>\n<ul>\n<li>S\u1eed d\u1ee5ng \u0111\u00e1 h\u00f3a c\u01b0\u01a1ng c\u00f3 chi\u1ec1u d\u00e0y 60mm<\/li>\n<li>D\u00f9ng b\u0103ng cao su Vector cao c\u1ea5p<\/li>\n<li>S\u1eed d\u1ee5ng h\u1ec7 th\u1ed1ng s\u01b0\u1edfi nhi\u1ec7t an to\u00e0n<\/li>\n<li>C\u00f3 h\u1ec7 th\u1ed1ng khung \u0111\u1ee1 k\u1ebft c\u1ea5u th\u00e9p<\/li>\n<li>S\u1eed d\u1ee5ng 06 ch\u00e2n h\u00ecnh t\u1ee9 gi\u00e1c b\u1eb1ng th\u00e9p ch\u1eafc ch\u1eafn, c\u00f3 kh\u1ea3 n\u0103ng ch\u1ecbu l\u1ef1c \u1ed5n \u0111\u1ecbnh<\/li>\n<\/ul>\n<h2><strong>3. T\u1ea1i sao n\u00ean mua b\u00e0n bida 3C Signature H\u00e0n Qu\u1ed1c 2020\u00a0t\u1ea1i Th\u1ebf Gi\u1edbi Bida?<\/strong><\/h2>\n<p>C\u00f4ng ty Th\u1ebf Gi\u1edbi Bida l\u00e0 \u0111\u01a1n v\u1ecb chuy\u00ean ho\u1ea1t \u0111\u1ed9ng trong l\u0129nh v\u1ef1c cung c\u1ea5p b\u00e0n v\u00e0 ph\u1ee5 ki\u1ec7n bida ch\u1ea5t l\u01b0\u1ee3ng v\u00e0 uy t\u00edn h\u00e0ng \u0111\u1ea7u ta\u0323i Vi\u1ec7t Nam. Ch\u00fang t\u00f4i mong mu\u1ed1n mang \u0111\u1ebfn cho kh\u00e1ch h\u00e0ng c\u1ee7a m\u00ecnh nh\u1eefng s\u1ea3n ph\u1ea9m ch\u00ednh h\u00e3ng v\u00e0 t\u1ea1o n\u00ean gi\u00e1i tr\u1ecb th\u01b0\u01a1ng hi\u1ec7u ri\u00eang khi kh\u00e1ch h\u00e0ng nh\u1eafc \u0111\u1ebfn Th\u1ebf Gi\u1edbi Bida.<\/p>\n<p>Khi mua h\u00e0ng t\u1ea1i Th\u1ebf Gi\u1edbi Bida, b\u1ea1n s\u1ebd \u0111\u01b0\u1ee3c nh\u1eadn:<\/p>\n<ul>\n<li aria-level=\"1\">S\u1ef1 t\u01b0 v\u1ea5n nhi\u1ec7t t\u00ecnh, nhi\u1ec7t huy\u1ebft t\u1eeb \u0111\u1ed9i ng\u0169 nh\u00e2n s\u1ef1 d\u00e0y d\u1eb7n kinh nghi\u00eam trong ngh\u1ec1. Lu\u00f4n c\u00f3 m\u1eb7t 24\/7 \u0111\u1ec3 h\u1ed7 tr\u1ee3 k\u1ecbp th\u1eddi.<\/li>\n<li aria-level=\"1\">\u0110a dang h\u00e0ng h\u00f3a, m\u1eabu m\u00e3, m\u00e0u s\u1eafc, th\u01b0\u01a1ng hi\u1ec7u<\/li>\n<li aria-level=\"1\">Gi\u00e1 c\u1ea3 t\u1ed1t nh\u1ea5t th\u1ecb tr\u01b0\u1eddng<\/li>\n<li aria-level=\"1\">V\u1eadn chuy\u1ec3n to\u00e0n qu\u1ed1c d\u00f9 ch\u1ec9 l\u00e0 1 m\u00f3n<\/li>\n<li aria-level=\"1\">Cam k\u1ebft s\u1ea3n ph\u1ea9m ch\u00ednh h\u00e3ng<\/li>\n<\/ul>\n<p>Th\u1ebf Gi\u1edbi Bida xin ch\u00e2n th\u00e0nh c\u1ea3m \u01a1n qu\u00fd kh\u00e1ch h\u00e0ng lu\u00f4n \u1ee7ng h\u1ed9 v\u00e0 tin t\u01b0\u1edfng ch\u00fang t\u00f4i trong su\u1ed1t th\u1eddi gian qua!<\/p>\n<div class=\"rank-math-contact-info show-name show-organization_description show-email show-address show-hours show-phone show-additional_info show-map\"><div class=\"rank-math-contact-section rank-math-contact-name\">\t\t<h4 class=\"rank-math-name\">\n\t\t\t<a href=\"https:\/\/thegioibida.com\">Th\u1ebf Gi\u1edbi Bida<\/a>\n\t\t<\/h4>\n\t\t<\/div><div class=\"rank-math-contact-section rank-math-contact-organization_description\"><\/div><div class=\"rank-math-contact-section rank-math-contact-email\">\t\t<div class=\"rank-math-email\">\n\t\t\t<label>Email:<\/label>\n\t\t\t<a href=\"mailto:thegioibida.com.vn@gmail.com\">thegioibida.com.vn@gmail.com<\/a>\n\t\t<\/div>\n\t\t<\/div><div class=\"rank-math-contact-section rank-math-contact-address\">\t\t<label>Address:<\/label>\n\t\t<address><span class=\"contact-address-streetAddress\">773 Nguy\u1ec5n \u1ea2nh Th\u1ee7, Khu ph\u1ed1 10, Qu\u1eadn 12, Th\u00e0nh ph\u1ed1 H\u1ed3 Ch\u00ed Minh<\/span> ,  <\/address>\n\t\t<\/div><div class=\"rank-math-contact-section rank-math-contact-hours\">\t\t<label>Hours:<\/label>\n\t\t<div class=\"rank-math-contact-hours-details\">\n\t\t\t<div class=\"rank-math-opening-hours\"><span class=\"rank-math-opening-days\">Monday, Saturday<\/span><span class=\"rank-math-opening-time\">08:00  &ndash;  18:00<\/span><\/div>\t\t<\/div>\n\t\t<\/div><div class=\"rank-math-contact-section rank-math-contact-phone\">\t\t\t<div class=\"rank-math-phone-number type-customersupport\">\n\t\t\t\t<label>Customer Service:<\/label>\n\t\t\t\t<span><a href=\"tel:0909773279\">0909773279<\/a><\/span>\n\t\t\t<\/div>\n\t\t\t<\/div><div class=\"rank-math-contact-section rank-math-contact-additional_info\"><\/div><div class=\"rank-math-contact-section rank-math-contact-map\">\t\t<iframe src=\"\/\/maps.google.com\/maps?q=773%20Nguy%E1%BB%85n%20%E1%BA%A2nh%20Th%E1%BB%A7%2C%20Khu%20ph%E1%BB%91%2010%2C%20Qu%E1%BA%ADn%2012%2C%20Th%C3%A0nh%20ph%E1%BB%91%20H%E1%BB%93%20Ch%C3%AD%20Minh%20%20%20%20&#038;z=15&#038;output=embed&#038;key=Y%248C%23Ut%24%246\"><\/iframe>\n\t\t<\/div><\/div><div class=\"clear\"><\/div>\n<figure id=\"attachment_14899\" aria-describedby=\"caption-attachment-14899\" style=\"width: 1115px\" class=\"wp-caption aligncenter\"><img fetchpriority=\"high\" decoding=\"async\" class=\"wp-image-14899 size-full\" src=\"https:\/\/thegioibida.com\/wp-content\/uploads\/2024\/05\/Ban-bida-3C-Signature-Han-Quoc-2020_1-1.jpg\" alt=\"B\u00e0n Bida 3c Signature H\u00e0n Qu\u1ed1c 2020_1\" width=\"1115\" height=\"516\" title=\"\" srcset=\"https:\/\/thegioibida.com\/wp-content\/uploads\/2024\/05\/Ban-bida-3C-Signature-Han-Quoc-2020_1-1.jpg 1115w, https:\/\/thegioibida.com\/wp-content\/uploads\/2024\/05\/Ban-bida-3C-Signature-Han-Quoc-2020_1-1-510x236.jpg 510w\" sizes=\"(max-width: 1115px) 100vw, 1115px\" \/><figcaption id=\"caption-attachment-14899\" class=\"wp-caption-text\">B\u00e0n Bida 3c Signature H\u00e0n Qu\u1ed1c 2020<\/figcaption><\/figure>\n<p>[title style=&#8221;center&#8221; text=&#8221;Ph\u1ee5 Ki\u1ec7n Theo B\u00e0n&#8221; tag_name=&#8221;h4&#8243;]<\/p>\n<p>[block id=&#8221;11918&#8243;]<\/p>\n","protected":false},"excerpt":{"rendered":"<ul>\n<li>Ngu\u1ed3n g\u1ed1c xu\u1ea5t x\u1ee9: H\u00e0n Qu\u1ed1c<\/li>\n<li>D\u00f2ng s\u1ea3n ph\u1ea9m: 3 B\u0103ng\/ 3C\/ Carom Table<\/li>\n<li>N\u0103m s\u1ea3n xu\u1ea5t: 2020<\/li>\n<li>T\u00ecnh tr\u1ea1ng: M\u1edbi 100%<\/li>\n<li>B\u1ea3o h\u00e0ng: 36 th\u00e1ng<\/li>\n<li>C\u00f4ng l\u1eafp \u0111\u1eb7t: Bao g\u1ed3m<\/li>\n<li>Ph\u1ee5 ki\u1ec7m k\u00e8m theo: Bao g\u1ed3m<\/li>\n<li>Mi\u1ec5n ph\u00ed v\u1eadn chuy\u1ec3n quanh TPHCM v\u00e0 c\u00e1c t\u1ec9nh l\u00e2n c\u1eadn (C\u00e1c \u0111\u1ecba \u0111i\u1ec3m kh\u00e1c s\u1ebd ph\u1ee5 thu th\u00eam t\u00f9y thu\u1ed9c v\u00e0o b\u00ean v\u1eadn chuy\u1ec3n)<\/li>\n<\/ul>","protected":false},"featured_media":16241,"comment_status":"open","ping_status":"closed","template":"","meta":{"site-sidebar-layout":"default","site-content-layout":"","ast-site-content-layout":"default","site-content-style":"default","site-sidebar-style":"default","ast-global-header-display":"","ast-banner-title-visibility":"","ast-main-header-display":"","ast-hfb-above-header-display":"","ast-hfb-below-header-display":"","ast-hfb-mobile-header-display":"","site-post-title":"","ast-breadcrumbs-content":"","ast-featured-img":"","footer-sml-layout":"","theme-transparent-header-meta":"default","adv-header-id-meta":"","stick-header-meta":"default","header-above-stick-meta":"","header-main-stick-meta":"","header-below-stick-meta":"","astra-migrate-meta-layouts":"set","ast-page-background-enabled":"default","ast-page-background-meta":{"desktop":{"background-color":"","background-image":"","background-repeat":"repeat","background-position":"center center","background-size":"auto","background-attachment":"scroll","background-type":"","background-media":"","overlay-type":"","overlay-color":"","overlay-opacity":"","overlay-gradient":""},"tablet":{"background-color":"","background-image":"","background-repeat":"repeat","background-position":"center center","background-size":"auto","background-attachment":"scroll","background-type":"","background-media":"","overlay-type":"","overlay-color":"","overlay-opacity":"","overlay-gradient":""},"mobile":{"background-color":"","background-image":"","background-repeat":"repeat","background-position":"center center","background-size":"auto","background-attachment":"scroll","background-type":"","background-media":"","overlay-type":"","overlay-color":"","overlay-opacity":"","overlay-gradient":""}},"ast-content-background-meta":{"desktop":{"background-color":"var(--ast-global-color-5)","background-image":"","background-repeat":"repeat","background-position":"center center","background-size":"auto","background-attachment":"scroll","background-type":"","background-media":"","overlay-type":"","overlay-color":"","overlay-opacity":"","overlay-gradient":""},"tablet":{"background-color":"var(--ast-global-color-5)","background-image":"","background-repeat":"repeat","background-position":"center center","background-size":"auto","background-attachment":"scroll","background-type":"","background-media":"","overlay-type":"","overlay-color":"","overlay-opacity":"","overlay-gradient":""},"mobile":{"background-color":"var(--ast-global-color-5)","background-image":"","background-repeat":"repeat","background-position":"center center","background-size":"auto","background-attachment":"scroll","background-type":"","background-media":"","overlay-type":"","overlay-color":"","overlay-opacity":"","overlay-gradient":""}}},"product_brand":[],"product_cat":[15,186],"product_tag":[],"class_list":{"0":"post-14766","1":"product","2":"type-product","3":"status-publish","4":"has-post-thumbnail","6":"product_cat-ban-bida","7":"product_cat-ban-bida-3c-3-bang-carom","8":"desktop-align-left","9":"tablet-align-left","10":"mobile-align-left","11":"ast-product-gallery-layout-vertical","12":"ast-product-tabs-layout-horizontal","14":"first","15":"instock","16":"shipping-taxable","17":"purchasable","18":"product-type-simple"},"_links":{"self":[{"href":"https:\/\/thegioibida.com\/en\/wp-json\/wp\/v2\/product\/14766","targetHints":{"allow":["GET"]}}],"collection":[{"href":"https:\/\/thegioibida.com\/en\/wp-json\/wp\/v2\/product"}],"about":[{"href":"https:\/\/thegioibida.com\/en\/wp-json\/wp\/v2\/types\/product"}],"replies":[{"embeddable":true,"href":"https:\/\/thegioibida.com\/en\/wp-json\/wp\/v2\/comments?post=14766"}],"version-history":[{"count":2,"href":"https:\/\/thegioibida.com\/en\/wp-json\/wp\/v2\/product\/14766\/revisions"}],"predecessor-version":[{"id":25566,"href":"https:\/\/thegioibida.com\/en\/wp-json\/wp\/v2\/product\/14766\/revisions\/25566"}],"wp:featuredmedia":[{"embeddable":true,"href":"https:\/\/thegioibida.com\/en\/wp-json\/wp\/v2\/media\/16241"}],"wp:attachment":[{"href":"https:\/\/thegioibida.com\/en\/wp-json\/wp\/v2\/media?parent=14766"}],"wp:term":[{"taxonomy":"product_brand","embeddable":true,"href":"https:\/\/thegioibida.com\/en\/wp-json\/wp\/v2\/product_brand?post=14766"},{"taxonomy":"product_cat","embeddable":true,"href":"https:\/\/thegioibida.com\/en\/wp-json\/wp\/v2\/product_cat?post=14766"},{"taxonomy":"product_tag","embeddable":true,"href":"https:\/\/thegioibida.com\/en\/wp-json\/wp\/v2\/product_tag?post=14766"}],"curies":[{"name":"wp","href":"https:\/\/api.w.org\/{rel}","templated":true}]}}