{"id":18016,"date":"2024-12-23T09:01:07","date_gmt":"2024-12-23T02:01:07","guid":{"rendered":"https:\/\/thegioibida.com\/?post_type=product&#038;p=18016"},"modified":"2026-04-18T15:49:49","modified_gmt":"2026-04-18T08:49:49","slug":"co-bida-lo-sport","status":"publish","type":"product","link":"https:\/\/thegioibida.com\/en\/co-bida-lo-sport\/","title":{"rendered":"C\u01a1 bida l\u1ed7 Sport"},"content":{"rendered":"<h3><strong>Ch\u1ea5t li\u1ec7u:<\/strong><\/h3>\n<p>\u2022 Th\u00e2n c\u01a1: G\u1ed7 cao c\u1ea5p b\u1ecdc s\u01a1n t\u0129nh \u0111i\u1ec7n t\u00edm \u00e1nh kim n\u1ed5i b\u1eadt, ch\u1ed1ng tr\u1ea7y x\u01b0\u1edbc, \u0111\u1ea3m b\u1ea3o \u0111\u1ed9 b\u1ec1n l\u00e2u d\u00e0i.<\/p>\n<p>\u2022 \u0110\u1ea7u c\u01a1: 6 l\u1edbp lo\u1ea1i zin theo c\u01a1.<\/p>\n<p>\u2022 C\u00e2n n\u1eb7ng: Ti\u00eau chu\u1ea9n, c\u00e2n \u0111\u1ed1i \u0111\u1ec3 h\u1ed7 tr\u1ee3 t\u1ed1i \u0111a cho ng\u01b0\u1eddi ch\u01a1i Pool.<\/p>\n<h3><strong>\u01afu \u0111i\u1ec3m n\u1ed5i b\u1eadt:<\/strong><\/h3>\n<p>\u2022 \u0110\u1ed9 b\u1ec1n cao: Khen s\u1eaft gi\u00fap t\u0103ng tu\u1ed5i th\u1ecd c\u01a1, h\u1ea1n ch\u1ebf h\u01b0 khen m\u1ed9t th\u1eddi gian.<\/p>\n<p>\u2022 Thi\u1ebft k\u1ebf chuy\u00ean nghi\u1ec7p: M\u00e0u s\u1eafc v\u00e0 ki\u1ec3u d\u00e1ng hi\u1ec7n \u0111\u1ea1i, ph\u00f9 h\u1ee3p cho c\u1ea3 gi\u1ea3i \u0111\u1ea5u v\u00e0 c\u00e2u l\u1ea1c b\u1ed9.<\/p>\n<p>\u2022 Tr\u1ea3i nghi\u1ec7m tuy\u1ec7t v\u1eddi: L\u1ef1c \u0111\u00e1nh m\u1ea1nh, ch\u00ednh x\u00e1c, mang \u0111\u1ebfn c\u1ea3m gi\u00e1c t\u1ef1 tin trong m\u1ed7i c\u00fa \u0111\u00e1nh.<\/p>\n<h2><strong>T\u1ea1i sao n\u00ean mua c\u01a1 bida l\u1ed7 Sport<\/strong><strong>\u00a0<\/strong><strong>t\u1ea1i Th\u1ebf Gi\u1edbi Bida?<\/strong><\/h2>\n<p>C\u00f4ng ty Th\u1ebf Gi\u1edbi Bida l\u00e0 \u0111\u01a1n v\u1ecb chuy\u00ean ho\u1ea1t \u0111\u1ed9ng trong l\u0129nh v\u1ef1c cung c\u1ea5p b\u00e0n v\u00e0 ph\u1ee5 ki\u1ec7n bida ch\u1ea5t l\u01b0\u1ee3ng v\u00e0 uy t\u00edn h\u00e0ng \u0111\u1ea7u ta\u0323i Vi\u1ec7t Nam. Ch\u00fang t\u00f4i mong mu\u1ed1n mang \u0111\u1ebfn cho kh\u00e1ch h\u00e0ng c\u1ee7a m\u00ecnh nh\u1eefng s\u1ea3n ph\u1ea9m ch\u00ednh h\u00e3ng v\u00e0 t\u1ea1o n\u00ean gi\u00e1i tr\u1ecb th\u01b0\u01a1ng hi\u1ec7u ri\u00eang khi kh\u00e1ch h\u00e0ng nh\u1eafc \u0111\u1ebfn Th\u1ebf Gi\u1edbi Bida.<\/p>\n<p>Khi mua h\u00e0ng t\u1ea1i Th\u1ebf Gi\u1edbi Bida, b\u1ea1n s\u1ebd \u0111\u01b0\u1ee3c nh\u1eadn:<\/p>\n<ul>\n<li aria-level=\"1\">S\u1ef1 t\u01b0 v\u1ea5n nhi\u1ec7t t\u00ecnh, nhi\u1ec7t huy\u1ebft t\u1eeb \u0111\u1ed9i ng\u0169 nh\u00e2n s\u1ef1 d\u00e0y d\u1eb7n kinh nghi\u00eam trong ngh\u1ec1. Lu\u00f4n c\u00f3 m\u1eb7t 24\/7 \u0111\u1ec3 h\u1ed7 tr\u1ee3 k\u1ecbp th\u1eddi.<\/li>\n<li aria-level=\"1\">\u0110a dang h\u00e0ng h\u00f3a, m\u1eabu m\u00e3, m\u00e0u s\u1eafc, th\u01b0\u01a1ng hi\u1ec7u<\/li>\n<li aria-level=\"1\">Gi\u00e1 c\u1ea3 t\u1ed1t nh\u1ea5t th\u1ecb tr\u01b0\u1eddng<\/li>\n<li aria-level=\"1\">V\u1eadn chuy\u1ec3n to\u00e0n qu\u1ed1c d\u00f9 ch\u1ec9 l\u00e0 1 m\u00f3n<\/li>\n<li aria-level=\"1\">Cam k\u1ebft s\u1ea3n ph\u1ea9m ch\u00ednh h\u00e3ng<\/li>\n<\/ul>\n<p>Th\u1ebf Gi\u1edbi Bida xin ch\u00e2n th\u00e0nh c\u1ea3m \u01a1n qu\u00fd kh\u00e1ch h\u00e0ng lu\u00f4n \u1ee7ng h\u1ed9 v\u00e0 tin t\u01b0\u1edfng ch\u00fang t\u00f4i trong su\u1ed1t th\u1eddi gian qua!<\/p>\n<h2><b>Li\u00ean h\u1ec7 ngay v\u1edbi Th\u1ebf Gi\u1edbi Bida \u0111\u1ec3 \u0111\u01b0\u1ee3c t\u01b0 v\u1ea5n mi\u1ec5n ph\u00ed:<\/b><\/h2>\n<div class=\"rank-math-contact-info show-name show-organization_description show-email show-address show-hours show-phone show-additional_info show-map\"><div class=\"rank-math-contact-section rank-math-contact-name\">\t\t<h4 class=\"rank-math-name\">\n\t\t\t<a href=\"https:\/\/thegioibida.com\/en\/\">The Gioi Bida<\/a>\n\t\t<\/h4>\n\t\t<\/div><div class=\"rank-math-contact-section rank-math-contact-organization_description\"><\/div><div class=\"rank-math-contact-section rank-math-contact-email\">\t\t<div class=\"rank-math-email\">\n\t\t\t<label>Email:<\/label>\n\t\t\t<a href=\"mailto:thegioibida.com.vn@gmail.com\">thegioibida.com.vn@gmail.com<\/a>\n\t\t<\/div>\n\t\t<\/div><div class=\"rank-math-contact-section rank-math-contact-address\">\t\t<label>Address:<\/label>\n\t\t<address><span class=\"contact-address-streetAddress\">773 Nguy\u1ec5n \u1ea2nh Th\u1ee7, Khu ph\u1ed1 10, Qu\u1eadn 12, Th\u00e0nh ph\u1ed1 H\u1ed3 Ch\u00ed Minh<\/span> ,  <\/address>\n\t\t<\/div><div class=\"rank-math-contact-section rank-math-contact-hours\">\t\t<label>Hours:<\/label>\n\t\t<div class=\"rank-math-contact-hours-details\">\n\t\t\t<div class=\"rank-math-opening-hours\"><span class=\"rank-math-opening-days\">Monday, Saturday<\/span><span class=\"rank-math-opening-time\">08:00  &ndash;  18:00<\/span><\/div>\t\t<\/div>\n\t\t<\/div><div class=\"rank-math-contact-section rank-math-contact-phone\">\t\t\t<div class=\"rank-math-phone-number type-customersupport\">\n\t\t\t\t<label>Customer Service:<\/label>\n\t\t\t\t<span><a href=\"tel:0909773279\">0909773279<\/a><\/span>\n\t\t\t<\/div>\n\t\t\t<\/div><div class=\"rank-math-contact-section rank-math-contact-additional_info\"><\/div><div class=\"rank-math-contact-section rank-math-contact-map\">\t\t<iframe src=\"\/\/maps.google.com\/maps?q=773%20Nguy%E1%BB%85n%20%E1%BA%A2nh%20Th%E1%BB%A7%2C%20Khu%20ph%E1%BB%91%2010%2C%20Qu%E1%BA%ADn%2012%2C%20Th%C3%A0nh%20ph%E1%BB%91%20H%E1%BB%93%20Ch%C3%AD%20Minh%20%20%20%20&#038;z=15&#038;output=embed&#038;key=Y%248C%23Ut%24%246\"><\/iframe>\n\t\t<\/div><\/div><div class=\"clear\"><\/div>\n<p>Danh m\u1ee5c:\u00a0<a href=\"https:\/\/thegioibida.com\/en\/co-bida\/\">C\u01a1 bi<\/a><\/p>","protected":false},"excerpt":{"rendered":"<p>\u2022 Xu\u1ea5t x\u1ee9: \u0110\u00e0i Loan<\/p>\n<p>\u2022 Th\u01b0\u01a1ng hi\u1ec7u: Sports<\/p>\n<p>\u2022 Lo\u1ea1i chuy\u00ean m\u00f4n: Pool<\/p>\n<p>\u2022 \u0110\u01b0\u1eddng k\u00ednh \u0111\u1ea7u c\u01a1: 13mm<\/p>\n<p>\u2022 Chi\u1ec1u cao c\u01a1: 1m50<\/p>\n<p>\u2022 Lo\u1ea1i ren: Uniloc<\/p>","protected":false},"featured_media":18018,"comment_status":"closed","ping_status":"closed","template":"","meta":{"site-sidebar-layout":"default","site-content-layout":"","ast-site-content-layout":"default","site-content-style":"default","site-sidebar-style":"default","ast-global-header-display":"","ast-banner-title-visibility":"","ast-main-header-display":"","ast-hfb-above-header-display":"","ast-hfb-below-header-display":"","ast-hfb-mobile-header-display":"","site-post-title":"","ast-breadcrumbs-content":"","ast-featured-img":"","footer-sml-layout":"","theme-transparent-header-meta":"default","adv-header-id-meta":"","stick-header-meta":"default","header-above-stick-meta":"","header-main-stick-meta":"","header-below-stick-meta":"","astra-migrate-meta-layouts":"set","ast-page-background-enabled":"default","ast-page-background-meta":{"desktop":{"background-color":"","background-image":"","background-repeat":"repeat","background-position":"center center","background-size":"auto","background-attachment":"scroll","background-type":"","background-media":"","overlay-type":"","overlay-color":"","overlay-opacity":"","overlay-gradient":""},"tablet":{"background-color":"","background-image":"","background-repeat":"repeat","background-position":"center center","background-size":"auto","background-attachment":"scroll","background-type":"","background-media":"","overlay-type":"","overlay-color":"","overlay-opacity":"","overlay-gradient":""},"mobile":{"background-color":"","background-image":"","background-repeat":"repeat","background-position":"center center","background-size":"auto","background-attachment":"scroll","background-type":"","background-media":"","overlay-type":"","overlay-color":"","overlay-opacity":"","overlay-gradient":""}},"ast-content-background-meta":{"desktop":{"background-color":"var(--ast-global-color-5)","background-image":"","background-repeat":"repeat","background-position":"center center","background-size":"auto","background-attachment":"scroll","background-type":"","background-media":"","overlay-type":"","overlay-color":"","overlay-opacity":"","overlay-gradient":""},"tablet":{"background-color":"var(--ast-global-color-5)","background-image":"","background-repeat":"repeat","background-position":"center center","background-size":"auto","background-attachment":"scroll","background-type":"","background-media":"","overlay-type":"","overlay-color":"","overlay-opacity":"","overlay-gradient":""},"mobile":{"background-color":"var(--ast-global-color-5)","background-image":"","background-repeat":"repeat","background-position":"center center","background-size":"auto","background-attachment":"scroll","background-type":"","background-media":"","overlay-type":"","overlay-color":"","overlay-opacity":"","overlay-gradient":""}}},"product_brand":[],"product_cat":[166],"product_tag":[],"class_list":{"0":"post-18016","1":"product","2":"type-product","3":"status-publish","4":"has-post-thumbnail","6":"product_cat-co-bida","7":"desktop-align-left","8":"tablet-align-left","9":"mobile-align-left","10":"ast-product-gallery-layout-vertical","11":"ast-product-tabs-layout-horizontal","13":"first","14":"instock","15":"shipping-taxable","16":"purchasable","17":"product-type-simple"},"_links":{"self":[{"href":"https:\/\/thegioibida.com\/en\/wp-json\/wp\/v2\/product\/18016","targetHints":{"allow":["GET"]}}],"collection":[{"href":"https:\/\/thegioibida.com\/en\/wp-json\/wp\/v2\/product"}],"about":[{"href":"https:\/\/thegioibida.com\/en\/wp-json\/wp\/v2\/types\/product"}],"replies":[{"embeddable":true,"href":"https:\/\/thegioibida.com\/en\/wp-json\/wp\/v2\/comments?post=18016"}],"version-history":[{"count":2,"href":"https:\/\/thegioibida.com\/en\/wp-json\/wp\/v2\/product\/18016\/revisions"}],"predecessor-version":[{"id":24740,"href":"https:\/\/thegioibida.com\/en\/wp-json\/wp\/v2\/product\/18016\/revisions\/24740"}],"wp:featuredmedia":[{"embeddable":true,"href":"https:\/\/thegioibida.com\/en\/wp-json\/wp\/v2\/media\/18018"}],"wp:attachment":[{"href":"https:\/\/thegioibida.com\/en\/wp-json\/wp\/v2\/media?parent=18016"}],"wp:term":[{"taxonomy":"product_brand","embeddable":true,"href":"https:\/\/thegioibida.com\/en\/wp-json\/wp\/v2\/product_brand?post=18016"},{"taxonomy":"product_cat","embeddable":true,"href":"https:\/\/thegioibida.com\/en\/wp-json\/wp\/v2\/product_cat?post=18016"},{"taxonomy":"product_tag","embeddable":true,"href":"https:\/\/thegioibida.com\/en\/wp-json\/wp\/v2\/product_tag?post=18016"}],"curies":[{"name":"wp","href":"https:\/\/api.w.org\/{rel}","templated":true}]}}