{"id":3811,"date":"2024-01-30T01:33:01","date_gmt":"2024-01-29T18:33:01","guid":{"rendered":"https:\/\/thegioibida.com\/?post_type=product&#038;p=3811"},"modified":"2026-03-09T09:48:23","modified_gmt":"2026-03-09T02:48:23","slug":"so-bo-hang-chinh-hang-tai-the-gioi-bida","status":"publish","type":"product","link":"https:\/\/thegioibida.com\/en\/so-bo-hang-chinh-hang-tai-the-gioi-bida\/","title":{"rendered":"S\u1ed1 (b\u1ed9)"},"content":{"rendered":"<div class=\"flex-1 overflow-hidden\">\n<div class=\"react-scroll-to-bottom--css-dbpgt-79elbk h-full\">\n<div class=\"react-scroll-to-bottom--css-dbpgt-1n7m0yu\">\n<div class=\"flex flex-col pb-9 text-sm\">\n<div class=\"w-full text-token-text-primary\" data-testid=\"conversation-turn-225\">\n<div class=\"px-4 py-2 justify-center text-base md:gap-6 m-auto\">\n<div class=\"flex flex-1 text-base mx-auto gap-3 md:px-5 lg:px-1 xl:px-5 md:max-w-3xl lg:max-w-[40rem] xl:max-w-[48rem] group final-completion\">\n<div class=\"relative flex w-full flex-col lg:w-[calc(100%-115px)] agent-turn\">\n<div class=\"flex-col gap-1 md:gap-3\">\n<div class=\"flex flex-grow flex-col max-w-full\">\n<div class=\"min-h-[20px] text-message flex flex-col items-start gap-3 whitespace-pre-wrap break-words [.text-message+&amp;]:mt-5 overflow-x-auto\" data-message-author-role=\"assistant\" data-message-id=\"a54d22af-2188-488a-a9da-77b2034c7455\">\n<div class=\"markdown prose w-full break-words dark:prose-invert light\">\n<div class=\"flex-1 overflow-hidden\">\n<div class=\"react-scroll-to-bottom--css-dbpgt-79elbk h-full\">\n<div class=\"react-scroll-to-bottom--css-dbpgt-1n7m0yu\">\n<div class=\"flex flex-col pb-9 text-sm\">\n<div class=\"w-full text-token-text-primary\" data-testid=\"conversation-turn-229\">\n<div class=\"px-4 py-2 justify-center text-base md:gap-6 m-auto\">\n<div class=\"flex flex-1 text-base mx-auto gap-3 md:px-5 lg:px-1 xl:px-5 md:max-w-3xl lg:max-w-[40rem] xl:max-w-[48rem] group final-completion\">\n<div class=\"relative flex w-full flex-col lg:w-[calc(100%-115px)] agent-turn\">\n<div class=\"flex-col gap-1 md:gap-3\">\n<div class=\"flex flex-grow flex-col max-w-full\">\n<div class=\"min-h-[20px] text-message flex flex-col items-start gap-3 whitespace-pre-wrap break-words [.text-message+&amp;]:mt-5 overflow-x-auto\" data-message-author-role=\"assistant\" data-message-id=\"7fa30140-d7ab-4c5a-85c3-3831d05f9bf7\">\n<div class=\"markdown prose w-full break-words dark:prose-invert light\">\n<h4 class=\"product-title product_title entry-title\">S\u1ed1 (b\u1ed9) l\u00e0 s\u1ef1 k\u1ebft h\u1ee3p ho\u00e0n h\u1ea3o gi\u1eefa ch\u1ea5t li\u1ec7u ch\u1ea5t l\u01b0\u1ee3ng v\u00e0 thi\u1ebft k\u1ebf tinh t\u1ebf. V\u1edbi c\u00e1c s\u1ed1 \u0111\u01b0\u1ee3c l\u00e0m t\u1eeb ch\u1ea5t li\u1ec7u ch\u1ed1ng m\u00e0i m\u00f2n v\u00e0 b\u1ec1n b\u1ec9, b\u1ed9 s\u1ed1 kh\u00f4ng ch\u1ec9 gi\u00fap \u0111\u00e1nh d\u1ea5u \u0111i\u1ec3m ch\u00ednh x\u00e1c m\u00e0 c\u00f2n b\u1ec1n \u0111\u1eb9p qua th\u1eddi gian. K\u00edch th\u01b0\u1edbc s\u1ed1 l\u1edbn, d\u1ec5 nh\u00ecn th\u1ea5y t\u1eeb xa, t\u1ea1o n\u00ean \u0111i\u1ec3m nh\u1ea5n tr\u1ef1c quan tr\u00ean b\u1ea3ng \u0111i\u1ec3m. S\u1ef1 linh ho\u1ea1t v\u00e0 thu\u1eadn ti\u1ec7n trong vi\u1ec7c di chuy\u1ec3n s\u1ed1 gi\u00fap ng\u01b0\u1eddi ch\u01a1i duy tr\u00ec s\u1ef1 t\u1eadp trung v\u00e0o tr\u1eadn \u0111\u1ea5u m\u00e0 kh\u00f4ng b\u1ecb gi\u00e1n \u0111o\u1ea1n. B\u1ed9 s\u1ed1 bida l\u00e0 l\u1ef1a ch\u1ecdn l\u00fd t\u01b0\u1edfng cho m\u1ecdi ng\u01b0\u1eddi y\u00eau th\u00edch bi-da chuy\u00ean nghi\u1ec7p.<\/h4>\n<h2><strong>T\u1ea1i sao n\u00ean mua s\u1ed1 (b\u1ed9)<\/strong><strong>\u00a0<\/strong><strong>t\u1ea1i Th\u1ebf Gi\u1edbi Bida?<\/strong><\/h2>\n<p>C\u00f4ng ty Th\u1ebf Gi\u1edbi Bida l\u00e0 \u0111\u01a1n v\u1ecb chuy\u00ean ho\u1ea1t \u0111\u1ed9ng trong l\u0129nh v\u1ef1c cung c\u1ea5p b\u00e0n v\u00e0 ph\u1ee5 ki\u1ec7n bida ch\u1ea5t l\u01b0\u1ee3ng v\u00e0 uy t\u00edn h\u00e0ng \u0111\u1ea7u ta\u0323i Vi\u1ec7t Nam. Ch\u00fang t\u00f4i mong mu\u1ed1n mang \u0111\u1ebfn cho kh\u00e1ch h\u00e0ng c\u1ee7a m\u00ecnh nh\u1eefng s\u1ea3n ph\u1ea9m ch\u00ednh h\u00e3ng v\u00e0 t\u1ea1o n\u00ean gi\u00e1i tr\u1ecb th\u01b0\u01a1ng hi\u1ec7u ri\u00eang khi kh\u00e1ch h\u00e0ng nh\u1eafc \u0111\u1ebfn Th\u1ebf Gi\u1edbi Bida.<\/p>\n<p>Khi mua h\u00e0ng t\u1ea1i Th\u1ebf Gi\u1edbi Bida, b\u1ea1n s\u1ebd \u0111\u01b0\u1ee3c nh\u1eadn:<\/p>\n<ul>\n<li aria-level=\"1\">S\u1ef1 t\u01b0 v\u1ea5n nhi\u1ec7t t\u00ecnh, nhi\u1ec7t huy\u1ebft t\u1eeb \u0111\u1ed9i ng\u0169 nh\u00e2n s\u1ef1 d\u00e0y d\u1eb7n kinh nghi\u00eam trong ngh\u1ec1. Lu\u00f4n c\u00f3 m\u1eb7t 24\/7 \u0111\u1ec3 h\u1ed7 tr\u1ee3 k\u1ecbp th\u1eddi.<\/li>\n<li aria-level=\"1\">\u0110a dang h\u00e0ng h\u00f3a, m\u1eabu m\u00e3, m\u00e0u s\u1eafc, th\u01b0\u01a1ng hi\u1ec7u<\/li>\n<li aria-level=\"1\">Gi\u00e1 c\u1ea3 t\u1ed1t nh\u1ea5t th\u1ecb tr\u01b0\u1eddng<\/li>\n<li aria-level=\"1\">V\u1eadn chuy\u1ec3n to\u00e0n qu\u1ed1c d\u00f9 ch\u1ec9 l\u00e0 1 m\u00f3n<\/li>\n<li aria-level=\"1\">Cam k\u1ebft s\u1ea3n ph\u1ea9m ch\u00ednh h\u00e3ng<\/li>\n<\/ul>\n<p>Th\u1ebf Gi\u1edbi Bida xin ch\u00e2n th\u00e0nh c\u1ea3m \u01a1n qu\u00fd kh\u00e1ch h\u00e0ng lu\u00f4n \u1ee7ng h\u1ed9 v\u00e0 tin t\u01b0\u1edfng ch\u00fang t\u00f4i trong su\u1ed1t th\u1eddi gian qua!<\/p>\n<h2><b>Li\u00ean h\u1ec7 ngay v\u1edbi Th\u1ebf Gi\u1edbi Bida \u0111\u1ec3 \u0111\u01b0\u1ee3c t\u01b0 v\u1ea5n mi\u1ec5n ph\u00ed:<\/b><\/h2>\n<div class=\"rank-math-contact-info show-name show-organization_description show-email show-address show-hours show-phone show-additional_info show-map\"><div class=\"rank-math-contact-section rank-math-contact-name\">\t\t<h4 class=\"rank-math-name\">\n\t\t\t<a href=\"https:\/\/thegioibida.com\">Th\u1ebf Gi\u1edbi Bida<\/a>\n\t\t<\/h4>\n\t\t<\/div><div class=\"rank-math-contact-section rank-math-contact-organization_description\"><\/div><div class=\"rank-math-contact-section rank-math-contact-email\">\t\t<div class=\"rank-math-email\">\n\t\t\t<label>Email:<\/label>\n\t\t\t<a href=\"mailto:thegioibida.com.vn@gmail.com\">thegioibida.com.vn@gmail.com<\/a>\n\t\t<\/div>\n\t\t<\/div><div class=\"rank-math-contact-section rank-math-contact-address\">\t\t<label>Address:<\/label>\n\t\t<address><span class=\"contact-address-streetAddress\">773 Nguy\u1ec5n \u1ea2nh Th\u1ee7, Khu ph\u1ed1 10, Qu\u1eadn 12, Th\u00e0nh ph\u1ed1 H\u1ed3 Ch\u00ed Minh<\/span> ,  <\/address>\n\t\t<\/div><div class=\"rank-math-contact-section rank-math-contact-hours\">\t\t<label>Hours:<\/label>\n\t\t<div class=\"rank-math-contact-hours-details\">\n\t\t\t<div class=\"rank-math-opening-hours\"><span class=\"rank-math-opening-days\">Monday, Saturday<\/span><span class=\"rank-math-opening-time\">08:00  &ndash;  18:00<\/span><\/div>\t\t<\/div>\n\t\t<\/div><div class=\"rank-math-contact-section rank-math-contact-phone\">\t\t\t<div class=\"rank-math-phone-number type-customersupport\">\n\t\t\t\t<label>Customer Service:<\/label>\n\t\t\t\t<span><a href=\"tel:0909773279\">0909773279<\/a><\/span>\n\t\t\t<\/div>\n\t\t\t<\/div><div class=\"rank-math-contact-section rank-math-contact-additional_info\"><\/div><div class=\"rank-math-contact-section rank-math-contact-map\">\t\t<iframe src=\"\/\/maps.google.com\/maps?q=773%20Nguy%E1%BB%85n%20%E1%BA%A2nh%20Th%E1%BB%A7%2C%20Khu%20ph%E1%BB%91%2010%2C%20Qu%E1%BA%ADn%2012%2C%20Th%C3%A0nh%20ph%E1%BB%91%20H%E1%BB%93%20Ch%C3%AD%20Minh%20%20%20%20&#038;z=15&#038;output=embed&#038;key=Y%248C%23Ut%24%246\"><\/iframe>\n\t\t<\/div><\/div><div class=\"clear\"><\/div>\n<p>T\u01b0\u0300 khoa\u0301:\u00a0\u00a0<a href=\"https:\/\/thegioibida.com\/\">Th\u1ebf gi\u1edbi bi da<\/a>,<\/p>\n<\/div>\n<\/div>\n<\/div>\n<\/div>\n<\/div>\n<\/div>\n<\/div>\n<\/div>\n<\/div>\n<\/div>\n<\/div>\n<\/div>\n<\/div>\n<\/div>\n<\/div>\n<\/div>\n<\/div>\n<\/div>\n<\/div>\n<\/div>\n<\/div>\n<\/div>\n<\/div>\n<\/div>\n","protected":false},"excerpt":{"rendered":"<ul>\n<li>Ch\u1ea5t li\u1ec7u: nh\u1ef1a t\u1ed5ng h\u1ee3p<\/li>\n<li>M\u00e0u s\u1eafc: Xanh \u2013 \u0111\u1ecf<\/li>\n<li>Xu\u1ea5t x\u1ee9: \u0110\u00e0i Loan<\/li>\n<\/ul>","protected":false},"featured_media":3821,"comment_status":"open","ping_status":"closed","template":"","meta":{"site-sidebar-layout":"default","site-content-layout":"","ast-site-content-layout":"default","site-content-style":"default","site-sidebar-style":"default","ast-global-header-display":"","ast-banner-title-visibility":"","ast-main-header-display":"","ast-hfb-above-header-display":"","ast-hfb-below-header-display":"","ast-hfb-mobile-header-display":"","site-post-title":"","ast-breadcrumbs-content":"","ast-featured-img":"","footer-sml-layout":"","theme-transparent-header-meta":"default","adv-header-id-meta":"","stick-header-meta":"default","header-above-stick-meta":"","header-main-stick-meta":"","header-below-stick-meta":"","astra-migrate-meta-layouts":"set","ast-page-background-enabled":"default","ast-page-background-meta":{"desktop":{"background-color":"","background-image":"","background-repeat":"repeat","background-position":"center center","background-size":"auto","background-attachment":"scroll","background-type":"","background-media":"","overlay-type":"","overlay-color":"","overlay-opacity":"","overlay-gradient":""},"tablet":{"background-color":"","background-image":"","background-repeat":"repeat","background-position":"center center","background-size":"auto","background-attachment":"scroll","background-type":"","background-media":"","overlay-type":"","overlay-color":"","overlay-opacity":"","overlay-gradient":""},"mobile":{"background-color":"","background-image":"","background-repeat":"repeat","background-position":"center center","background-size":"auto","background-attachment":"scroll","background-type":"","background-media":"","overlay-type":"","overlay-color":"","overlay-opacity":"","overlay-gradient":""}},"ast-content-background-meta":{"desktop":{"background-color":"var(--ast-global-color-5)","background-image":"","background-repeat":"repeat","background-position":"center center","background-size":"auto","background-attachment":"scroll","background-type":"","background-media":"","overlay-type":"","overlay-color":"","overlay-opacity":"","overlay-gradient":""},"tablet":{"background-color":"var(--ast-global-color-5)","background-image":"","background-repeat":"repeat","background-position":"center center","background-size":"auto","background-attachment":"scroll","background-type":"","background-media":"","overlay-type":"","overlay-color":"","overlay-opacity":"","overlay-gradient":""},"mobile":{"background-color":"var(--ast-global-color-5)","background-image":"","background-repeat":"repeat","background-position":"center center","background-size":"auto","background-attachment":"scroll","background-type":"","background-media":"","overlay-type":"","overlay-color":"","overlay-opacity":"","overlay-gradient":""}}},"product_brand":[],"product_cat":[171],"product_tag":[],"class_list":{"0":"post-3811","1":"product","2":"type-product","3":"status-publish","4":"has-post-thumbnail","6":"product_cat-phu-kien","7":"desktop-align-left","8":"tablet-align-left","9":"mobile-align-left","10":"ast-product-gallery-layout-vertical","11":"ast-product-tabs-layout-horizontal","13":"first","14":"instock","15":"shipping-taxable","16":"purchasable","17":"product-type-simple"},"_links":{"self":[{"href":"https:\/\/thegioibida.com\/en\/wp-json\/wp\/v2\/product\/3811","targetHints":{"allow":["GET"]}}],"collection":[{"href":"https:\/\/thegioibida.com\/en\/wp-json\/wp\/v2\/product"}],"about":[{"href":"https:\/\/thegioibida.com\/en\/wp-json\/wp\/v2\/types\/product"}],"replies":[{"embeddable":true,"href":"https:\/\/thegioibida.com\/en\/wp-json\/wp\/v2\/comments?post=3811"}],"version-history":[{"count":1,"href":"https:\/\/thegioibida.com\/en\/wp-json\/wp\/v2\/product\/3811\/revisions"}],"predecessor-version":[{"id":25142,"href":"https:\/\/thegioibida.com\/en\/wp-json\/wp\/v2\/product\/3811\/revisions\/25142"}],"wp:featuredmedia":[{"embeddable":true,"href":"https:\/\/thegioibida.com\/en\/wp-json\/wp\/v2\/media\/3821"}],"wp:attachment":[{"href":"https:\/\/thegioibida.com\/en\/wp-json\/wp\/v2\/media?parent=3811"}],"wp:term":[{"taxonomy":"product_brand","embeddable":true,"href":"https:\/\/thegioibida.com\/en\/wp-json\/wp\/v2\/product_brand?post=3811"},{"taxonomy":"product_cat","embeddable":true,"href":"https:\/\/thegioibida.com\/en\/wp-json\/wp\/v2\/product_cat?post=3811"},{"taxonomy":"product_tag","embeddable":true,"href":"https:\/\/thegioibida.com\/en\/wp-json\/wp\/v2\/product_tag?post=3811"}],"curies":[{"name":"wp","href":"https:\/\/api.w.org\/{rel}","templated":true}]}}