{"id":4389,"date":"2024-03-27T14:06:29","date_gmt":"2024-03-27T07:06:29","guid":{"rendered":"https:\/\/thegioibida.com\/?post_type=product&#038;p=4389"},"modified":"2026-03-09T17:48:20","modified_gmt":"2026-03-09T10:48:20","slug":"vai-lo-aileex-888-chu-in-viet-nam","status":"publish","type":"product","link":"https:\/\/thegioibida.com\/en\/vai-lo-aileex-888-chu-in-viet-nam\/","title":{"rendered":"V\u1ea3i L\u1ed7 AILEEX 888 Ch\u1eef In Vi\u1ec7t Nam"},"content":{"rendered":"<p><strong>TH\u00d4NG TIN CHUNG<\/strong><\/p>\n<p>Th\u01b0\u01a1ng hi\u1ec7u:\u00a0<strong>Vi\u1ec7t Nam<\/strong><\/p>\n<p>Ngu\u1ed3n g\u1ed1c \u2013 Xu\u1ea5t x\u1ee9: Vi\u1ec7t Nam<\/p>\n<p>N\u01a1i s\u1ea3n xu\u1ea5t: Vi\u1ec7t Nam<\/p>\n<p>D\u00f2ng s\u1ea3n ph\u1ea9m: Ph\u1ee5 Ki\u1ec7n C\u00e2u L\u1ea1c B\u1ed9 Bida \u2013 V\u1ea3i B\u00e0n<\/p>\n<p>M\u00e3 s\u1ea3n ph\u1ea9m:\u00a0<strong>V\u1ea3i Vi\u1ec7t Nam in Logo Aileex 888<\/strong><\/p>\n<p>B\u1ed9 s\u1ea3n ph\u1ea9m bao g\u1ed3m v\u1ea3i m\u1eb7t + v\u1ea3i b\u0103ng<\/p>\n<p><strong>TH\u00d4NG S\u1ed0 K\u1ef8 THU\u1eacT<\/strong><\/p>\n<ul>\n<li>K\u00edch th\u01b0\u1edbc: 1,65 x 2,85 m\u00e9t<\/li>\n<li>V\u1eadt li\u1ec7u:\u00a0<b>V\u1ea3i ch\u1ea5t l\u01b0\u1ee3ng cao lo\u1ea1i 1<\/b><\/li>\n<li>Quy c\u00e1ch \u0111\u00f3ng g\u00f3i: 01 b\u1ed9 v\u1ea3i m\u1eb7t + 01 b\u1ed9 v\u1ea3i b\u0103ng<\/li>\n<li>M\u00e0u s\u1eafc: Xanh d\u01b0\u01a1ng, Xanh l\u00e1, Xanh galaxy, X\u00e1m<\/li>\n<\/ul>","protected":false},"excerpt":{"rendered":"<p>Th\u01b0\u01a1ng hi\u1ec7u: AILEEX<\/p>\n<p>M\u00e0u s\u1eafc: Xanh D\u01b0\u01a1ng, Xanh D\u01b0\u01a1ng Nh\u1ea1t, Xanh L\u00e1, X\u00e1m Xanh, X\u00e1m Kh\u00f3i, \u0110en, V\u00e0ng, \u0110\u1ecf<\/p>\n<p>\u0110\u1ed9 b\u1ec1n cao, ch\u1ecbu \u0111\u01b0\u1ee3c va \u0111\u1eadp t\u1ed1t.<\/p>\n<p>D\u1ec5 d\u00e0ng lau ch\u00f9i, v\u1ec7 sinh<\/p>\n<p>\u0110\u1ed9 n\u1ea3y \u1ed5n \u0111\u1ecbnh<\/p>\n<p>M\u00e0u v\u1ea3i \u0111\u1eb9p, b\u1ec1n m\u00e0u theo th\u1eddi gian<\/p>","protected":false},"featured_media":4428,"comment_status":"open","ping_status":"closed","template":"","meta":{"site-sidebar-layout":"default","site-content-layout":"","ast-site-content-layout":"default","site-content-style":"default","site-sidebar-style":"default","ast-global-header-display":"","ast-banner-title-visibility":"","ast-main-header-display":"","ast-hfb-above-header-display":"","ast-hfb-below-header-display":"","ast-hfb-mobile-header-display":"","site-post-title":"","ast-breadcrumbs-content":"","ast-featured-img":"","footer-sml-layout":"","theme-transparent-header-meta":"default","adv-header-id-meta":"","stick-header-meta":"default","header-above-stick-meta":"","header-main-stick-meta":"","header-below-stick-meta":"","astra-migrate-meta-layouts":"set","ast-page-background-enabled":"default","ast-page-background-meta":{"desktop":{"background-color":"","background-image":"","background-repeat":"repeat","background-position":"center center","background-size":"auto","background-attachment":"scroll","background-type":"","background-media":"","overlay-type":"","overlay-color":"","overlay-opacity":"","overlay-gradient":""},"tablet":{"background-color":"","background-image":"","background-repeat":"repeat","background-position":"center center","background-size":"auto","background-attachment":"scroll","background-type":"","background-media":"","overlay-type":"","overlay-color":"","overlay-opacity":"","overlay-gradient":""},"mobile":{"background-color":"","background-image":"","background-repeat":"repeat","background-position":"center center","background-size":"auto","background-attachment":"scroll","background-type":"","background-media":"","overlay-type":"","overlay-color":"","overlay-opacity":"","overlay-gradient":""}},"ast-content-background-meta":{"desktop":{"background-color":"var(--ast-global-color-5)","background-image":"","background-repeat":"repeat","background-position":"center center","background-size":"auto","background-attachment":"scroll","background-type":"","background-media":"","overlay-type":"","overlay-color":"","overlay-opacity":"","overlay-gradient":""},"tablet":{"background-color":"var(--ast-global-color-5)","background-image":"","background-repeat":"repeat","background-position":"center center","background-size":"auto","background-attachment":"scroll","background-type":"","background-media":"","overlay-type":"","overlay-color":"","overlay-opacity":"","overlay-gradient":""},"mobile":{"background-color":"var(--ast-global-color-5)","background-image":"","background-repeat":"repeat","background-position":"center center","background-size":"auto","background-attachment":"scroll","background-type":"","background-media":"","overlay-type":"","overlay-color":"","overlay-opacity":"","overlay-gradient":""}}},"product_brand":[],"product_cat":[172],"product_tag":[],"class_list":{"0":"post-4389","1":"product","2":"type-product","3":"status-publish","4":"has-post-thumbnail","6":"product_cat-vai-ban-bida","7":"desktop-align-left","8":"tablet-align-left","9":"mobile-align-left","10":"ast-product-gallery-layout-vertical","11":"ast-product-tabs-layout-horizontal","13":"first","14":"instock","15":"shipping-taxable","16":"purchasable","17":"product-type-simple"},"_links":{"self":[{"href":"https:\/\/thegioibida.com\/en\/wp-json\/wp\/v2\/product\/4389","targetHints":{"allow":["GET"]}}],"collection":[{"href":"https:\/\/thegioibida.com\/en\/wp-json\/wp\/v2\/product"}],"about":[{"href":"https:\/\/thegioibida.com\/en\/wp-json\/wp\/v2\/types\/product"}],"replies":[{"embeddable":true,"href":"https:\/\/thegioibida.com\/en\/wp-json\/wp\/v2\/comments?post=4389"}],"version-history":[{"count":2,"href":"https:\/\/thegioibida.com\/en\/wp-json\/wp\/v2\/product\/4389\/revisions"}],"predecessor-version":[{"id":25261,"href":"https:\/\/thegioibida.com\/en\/wp-json\/wp\/v2\/product\/4389\/revisions\/25261"}],"wp:featuredmedia":[{"embeddable":true,"href":"https:\/\/thegioibida.com\/en\/wp-json\/wp\/v2\/media\/4428"}],"wp:attachment":[{"href":"https:\/\/thegioibida.com\/en\/wp-json\/wp\/v2\/media?parent=4389"}],"wp:term":[{"taxonomy":"product_brand","embeddable":true,"href":"https:\/\/thegioibida.com\/en\/wp-json\/wp\/v2\/product_brand?post=4389"},{"taxonomy":"product_cat","embeddable":true,"href":"https:\/\/thegioibida.com\/en\/wp-json\/wp\/v2\/product_cat?post=4389"},{"taxonomy":"product_tag","embeddable":true,"href":"https:\/\/thegioibida.com\/en\/wp-json\/wp\/v2\/product_tag?post=4389"}],"curies":[{"name":"wp","href":"https:\/\/api.w.org\/{rel}","templated":true}]}}